{"id":18,"date":"2022-08-01T13:58:31","date_gmt":"2022-08-01T11:58:31","guid":{"rendered":"https:\/\/ce-partners.de\/?page_id=18"},"modified":"2024-10-03T16:21:39","modified_gmt":"2024-10-03T14:21:39","slug":"ueber-uns","status":"publish","type":"page","link":"https:\/\/ce-partners.de\/index.php\/ueber-uns\/","title":{"rendered":"\u00dcber uns"},"content":{"rendered":"<div data-colibri-id=\"18-c1\" class=\"style-340 style-local-18-c1 position-relative\">\n  <!----><\/p>\n<div data-colibri-component=\"section\" data-colibri-id=\"18-c2\" id=\"initial-content\" class=\"h-section h-section-global-spacing d-flex align-items-lg-center align-items-md-center align-items-center style-341 style-local-18-c2 position-relative\">\n    <!----><br \/>\n    <!----><\/p>\n<div class=\"h-section-grid-container h-section-boxed-container\">\n      <!----><\/p>\n<div data-colibri-id=\"18-c3\" class=\"h-row-container gutters-row-lg-2 gutters-row-md-2 gutters-row-0 gutters-row-v-lg-2 gutters-row-v-md-2 gutters-row-v-2 style-342 style-local-18-c3 position-relative\">\n        <!----><\/p>\n<div class=\"h-row justify-content-lg-center justify-content-md-center justify-content-center align-items-lg-stretch align-items-md-stretch align-items-stretch gutters-col-lg-2 gutters-col-md-2 gutters-col-0 gutters-col-v-lg-2 gutters-col-v-md-2 gutters-col-v-2\">\n          <!----><\/p>\n<div class=\"h-column h-column-container d-flex h-col-lg-auto h-col-md-auto h-col-auto style-343-outer style-local-18-c4-outer\">\n<div data-colibri-id=\"18-c4\" class=\"d-flex h-flex-basis h-column__inner h-px-lg-2 h-px-md-2 h-px-2 v-inner-lg-2 v-inner-md-2 v-inner-2 style-343 style-local-18-c4 position-relative\">\n              <!----><br \/>\n              <!----><\/p>\n<div class=\"w-100 h-y-container h-column__content h-column__v-align flex-basis-100 align-self-lg-start align-self-md-start align-self-start\">\n                <!----><\/p>\n<div data-colibri-id=\"18-c5\" class=\"style-344 style-local-18-c5 position-relative h-element\">\n                  <!----><\/p>\n<div>\n\n\n<h1 class=\"wp-block-heading\">Wir setzen Ihre Ideen konsequent in die Tat um<\/h1>\n\n\n\n<p>CE-PARTNERS ist mehr als ein Dienstleister \u2013 wir sind Ihr strategischer Partner, der Ergebnisse liefert. Stefan Koch und sein Team stehen f\u00fcr messbaren Erfolg und langj\u00e4hrige Zusammenarbeit auf Augenh\u00f6he.<\/p>\n\n\n\n<h2 class=\"wp-block-heading\">Als Partner, liefert CE-PARTNERS ma\u00dfgeschneidert Consulting und Engineering<\/h2>\n\n\n\n<p>Unser Expertenteam aus Ingenieuren, Technikern und Freiberuflern bietet zielgerichtete Consulting- und Engineering-Dienstleistungen, die sowohl effizient als auch kostenbewusst sind. Wir garantieren pr\u00e4zise L\u00f6sungen in Hard- und Software \u2013 individuell und ma\u00dfgeschneidert, um Ihre Anforderungen zu \u00fcbertreffen. Bei CE-PARTNERS bekommen Sie alles aus einer Hand.<\/p>\n\n\n<\/div><\/div>\n<\/p><\/div>\n<\/p><\/div>\n<\/p><\/div>\n<\/p><\/div>\n<\/p><\/div>\n<\/p><\/div>\n<\/p><\/div>\n<\/div>","protected":false},"excerpt":{"rendered":"<p>Wir setzen Ihre Ideen konsequent in die Tat um CE-PARTNERS ist mehr als ein Dienstleister \u2013 wir sind Ihr strategischer Partner, der Ergebnisse liefert. Stefan Koch und sein Team stehen f\u00fcr messbaren Erfolg und langj\u00e4hrige Zusammenarbeit auf Augenh\u00f6he. Als Partner, liefert CE-PARTNERS ma\u00dfgeschneidert Consulting und Engineering Unser Expertenteam aus Ingenieuren, Technikern und Freiberuflern bietet zielgerichtete [&hellip;]<\/p>\n","protected":false},"author":1,"featured_media":15,"parent":0,"menu_order":0,"comment_status":"closed","ping_status":"closed","template":"page-templates\/full-width-page.php","meta":{"footnotes":""},"class_list":["post-18","page","type-page","status-publish","has-post-thumbnail","hentry"],"_links":{"self":[{"href":"https:\/\/ce-partners.de\/index.php\/wp-json\/wp\/v2\/pages\/18","targetHints":{"allow":["GET"]}}],"collection":[{"href":"https:\/\/ce-partners.de\/index.php\/wp-json\/wp\/v2\/pages"}],"about":[{"href":"https:\/\/ce-partners.de\/index.php\/wp-json\/wp\/v2\/types\/page"}],"author":[{"embeddable":true,"href":"https:\/\/ce-partners.de\/index.php\/wp-json\/wp\/v2\/users\/1"}],"replies":[{"embeddable":true,"href":"https:\/\/ce-partners.de\/index.php\/wp-json\/wp\/v2\/comments?post=18"}],"version-history":[{"count":3,"href":"https:\/\/ce-partners.de\/index.php\/wp-json\/wp\/v2\/pages\/18\/revisions"}],"predecessor-version":[{"id":412,"href":"https:\/\/ce-partners.de\/index.php\/wp-json\/wp\/v2\/pages\/18\/revisions\/412"}],"wp:featuredmedia":[{"embeddable":true,"href":"https:\/\/ce-partners.de\/index.php\/wp-json\/wp\/v2\/media\/15"}],"wp:attachment":[{"href":"https:\/\/ce-partners.de\/index.php\/wp-json\/wp\/v2\/media?parent=18"}],"curies":[{"name":"wp","href":"https:\/\/api.w.org\/{rel}","templated":true}]}}